{"id":8078,"date":"2017-10-23T09:17:00","date_gmt":"2017-10-23T07:17:00","guid":{"rendered":"https:\/\/webwinkeleenvoud.nl\/lvfdef\/vakantiehuis-friesland-de-finne\/"},"modified":"2025-12-03T14:14:55","modified_gmt":"2025-12-03T13:14:55","slug":"ferienhaus-mit-sauna-holland","status":"publish","type":"page","link":"https:\/\/www.luxe-vakantiehuis-friesland.nl\/de\/ferienhaus-mit-sauna-holland\/","title":{"rendered":"Ferienhaus De Finne"},"content":{"rendered":"\n<div style=\"background-color:#ebf4e0;padding-left:5%;padding-right:5%;padding-bottom:15%;padding-top:15%\" class=\"wp-block-genesis-blocks-gb-container gb-layout-hero-1 hero-lvf-home hero-margin-up gb-block-container alignfull\"><div class=\"gb-container-inside\"><div class=\"gb-container-image-wrap\"><img decoding=\"async\" class=\"gb-container-image has-background-dim-100 has-background-dim\" src=\"https:\/\/www.luxe-vakantiehuis-friesland.nl\/wp-content\/uploads\/finne-1400-min.jpg\" alt=\"\"\/><\/div><div class=\"gb-container-content\" style=\"max-width:850px\">\n<h1 class=\"wp-block-heading has-text-align-center gb-white-text has-wit-color has-text-color\" id=\"h-ferienhaus-de-finne\">Ferienhaus De Finne<\/h1>\n\n\n\n<div class=\"wp-block-buttons is-content-justification-center is-layout-flex wp-container-core-buttons-is-layout-16018d1d wp-block-buttons-is-layout-flex\">\n<div class=\"wp-block-button has-custom-font-size hoofdletters gb-block-button\"><a class=\"wp-block-button__link has-text-color has-background wp-element-button\" href=\"#buchen\" style=\"border-radius:5px;color:#ffffff;background-color:#487700;padding-top:10px;padding-right:1em;padding-bottom:10px;padding-left:1em\">Preis &amp; verf\u00fcgbarkeit<\/a><\/div>\n<\/div>\n<\/div><\/div><\/div>\n\n\n\n<div class=\"wp-block-genesis-blocks-gb-columns gb-layout-columns-2 gb-2-col-equal\"><div class=\"gb-layout-column-wrap gb-block-layout-column-gap-2 gb-is-responsive-column\">\n<div class=\"wp-block-genesis-blocks-gb-column gb-block-layout-column\"><div class=\"gb-block-layout-column-inner\">\n<h2 class=\"wp-block-heading has-text-align-center\" id=\"h-ferienhaus-mit-sauna-holland\">Ferienhaus mit Sauna Holland<\/h2>\n\n\n\n<p class=\"has-text-align-center\">Entspannt genie\u00dfen in Ferienhaus Holland.<br>Wilkommen in Ferienhaus de Finne.<br><br>Dieses luxuri\u00f6ses Ferienhaus ist total neu gebaut und ab 2012 in Betrieb. Das Ferienhaus mit Sauna Holland ist voll komplett ausgestattet und modern eingerichtet fur max. sechs Personen. In diesem Ferienhaus haben Sie ein wundervolles Panorama \u00fcber das friesische Land. Der ideale Ort f\u00fcr Ihre Ferienwohnung in Holland.<\/p>\n\n\n\n<p class=\"has-text-align-center\"><em>De Finne bedeutet im Friesischen<\/em><br><em>&nbsp;&nbsp;\u201eDas beste Land hinter den Bauernhof\u201c.<\/em><\/p>\n\n\n\n<p><\/p>\n<\/div><\/div>\n\n\n\n<div class=\"wp-block-genesis-blocks-gb-column gb-block-layout-column\"><div class=\"gb-block-layout-column-inner\">\n<p><\/p>\n<\/div><\/div>\n<\/div><\/div>\n\n\n\n<div class=\"wp-block-genesis-blocks-gb-columns gb-layout-columns-2 gb-2-col-wideleft\"><div class=\"gb-layout-column-wrap gb-block-layout-column-gap-2 gb-is-responsive-column\">\n<div class=\"wp-block-genesis-blocks-gb-column gb-block-layout-column\"><div class=\"gb-block-layout-column-inner\">\n<figure class=\"wp-block-gallery has-nested-images columns-default is-cropped wp-block-gallery-1 is-layout-flex wp-block-gallery-is-layout-flex\">\n<figure class=\"wp-block-image size-large\"><img loading=\"lazy\" decoding=\"async\" width=\"1024\" height=\"578\" data-id=\"16475\" src=\"https:\/\/www.luxe-vakantiehuis-friesland.nl\/wp-content\/uploads\/finne-1200-1024x578.jpg\" alt=\"\" class=\"wp-image-16475\" srcset=\"https:\/\/www.luxe-vakantiehuis-friesland.nl\/wp-content\/uploads\/finne-1200-1024x578.jpg 1024w, https:\/\/www.luxe-vakantiehuis-friesland.nl\/wp-content\/uploads\/finne-1200-300x169.jpg 300w, https:\/\/www.luxe-vakantiehuis-friesland.nl\/wp-content\/uploads\/finne-1200-150x85.jpg 150w, https:\/\/www.luxe-vakantiehuis-friesland.nl\/wp-content\/uploads\/finne-1200-768x434.jpg 768w, https:\/\/www.luxe-vakantiehuis-friesland.nl\/wp-content\/uploads\/finne-1200.jpg 1194w\" sizes=\"auto, (max-width: 1024px) 100vw, 1024px\" \/><\/figure>\n\n\n\n<figure class=\"wp-block-image size-large\"><img loading=\"lazy\" decoding=\"async\" width=\"600\" height=\"450\" data-id=\"10218\" src=\"https:\/\/www.luxe-vakantiehuis-friesland.nl\/wp-content\/uploads\/woonkamer-vakantiehuis-de-finne.jpg\" alt=\"Vanaf de vide uitzicht over de woonkamer vakantiehuis De Finne\" class=\"wp-image-10218\" srcset=\"https:\/\/www.luxe-vakantiehuis-friesland.nl\/wp-content\/uploads\/woonkamer-vakantiehuis-de-finne.jpg 600w, https:\/\/www.luxe-vakantiehuis-friesland.nl\/wp-content\/uploads\/woonkamer-vakantiehuis-de-finne-150x113.jpg 150w, https:\/\/www.luxe-vakantiehuis-friesland.nl\/wp-content\/uploads\/woonkamer-vakantiehuis-de-finne-300x225.jpg 300w, https:\/\/www.luxe-vakantiehuis-friesland.nl\/wp-content\/uploads\/woonkamer-vakantiehuis-de-finne-510x382.jpg 510w\" sizes=\"auto, (max-width: 600px) 100vw, 600px\" \/><\/figure>\n\n\n\n<figure class=\"wp-block-image size-large\"><img loading=\"lazy\" decoding=\"async\" width=\"900\" height=\"675\" data-id=\"7764\" src=\"https:\/\/www.luxe-vakantiehuis-friesland.nl\/wp-content\/uploads\/de-finne-finse-sauna-en-bubbelbad.jpg\" alt=\"Vakantiehuis Friesland met Finse sauna\" class=\"wp-image-7764\" srcset=\"https:\/\/www.luxe-vakantiehuis-friesland.nl\/wp-content\/uploads\/de-finne-finse-sauna-en-bubbelbad.jpg 900w, https:\/\/www.luxe-vakantiehuis-friesland.nl\/wp-content\/uploads\/de-finne-finse-sauna-en-bubbelbad-150x113.jpg 150w, https:\/\/www.luxe-vakantiehuis-friesland.nl\/wp-content\/uploads\/de-finne-finse-sauna-en-bubbelbad-300x225.jpg 300w, https:\/\/www.luxe-vakantiehuis-friesland.nl\/wp-content\/uploads\/de-finne-finse-sauna-en-bubbelbad-768x576.jpg 768w, https:\/\/www.luxe-vakantiehuis-friesland.nl\/wp-content\/uploads\/de-finne-finse-sauna-en-bubbelbad-510x382.jpg 510w\" sizes=\"auto, (max-width: 900px) 100vw, 900px\" \/><\/figure>\n\n\n\n<figure class=\"wp-block-image size-large\"><img loading=\"lazy\" decoding=\"async\" width=\"900\" height=\"675\" data-id=\"7761\" src=\"https:\/\/www.luxe-vakantiehuis-friesland.nl\/wp-content\/uploads\/de-finne-infra-rood.jpg\" alt=\"Badkamer voorzien met Finse sauna en infra-rood sauna\" class=\"wp-image-7761\" srcset=\"https:\/\/www.luxe-vakantiehuis-friesland.nl\/wp-content\/uploads\/de-finne-infra-rood.jpg 900w, https:\/\/www.luxe-vakantiehuis-friesland.nl\/wp-content\/uploads\/de-finne-infra-rood-150x113.jpg 150w, https:\/\/www.luxe-vakantiehuis-friesland.nl\/wp-content\/uploads\/de-finne-infra-rood-300x225.jpg 300w, https:\/\/www.luxe-vakantiehuis-friesland.nl\/wp-content\/uploads\/de-finne-infra-rood-768x576.jpg 768w, https:\/\/www.luxe-vakantiehuis-friesland.nl\/wp-content\/uploads\/de-finne-infra-rood-510x382.jpg 510w\" sizes=\"auto, (max-width: 900px) 100vw, 900px\" \/><\/figure>\n\n\n\n<figure class=\"wp-block-image size-large\"><img loading=\"lazy\" decoding=\"async\" width=\"600\" height=\"400\" data-id=\"4955\" src=\"https:\/\/www.luxe-vakantiehuis-friesland.nl\/wp-content\/uploads\/de-finne-slaapkamer.jpg\" alt=\"Slaapkamer de Finne\" class=\"wp-image-4955\" srcset=\"https:\/\/www.luxe-vakantiehuis-friesland.nl\/wp-content\/uploads\/de-finne-slaapkamer.jpg 600w, https:\/\/www.luxe-vakantiehuis-friesland.nl\/wp-content\/uploads\/de-finne-slaapkamer-150x100.jpg 150w, https:\/\/www.luxe-vakantiehuis-friesland.nl\/wp-content\/uploads\/de-finne-slaapkamer-300x200.jpg 300w\" sizes=\"auto, (max-width: 600px) 100vw, 600px\" \/><\/figure>\n<\/figure>\n<\/div><\/div>\n\n\n\n<div class=\"wp-block-genesis-blocks-gb-column gb-block-layout-column\"><div class=\"gb-block-layout-column-inner\">\n<h3 class=\"wp-block-heading\" id=\"h-ferienhaus-de-finne-bietet-mehr\">Ferienhaus De Finne bietet mehr<\/h3>\n\n\n\n<ul class=\"lvf-biedt-meer\">\n<li class=\"wifi\">Free WiFi<\/li>\n<li class=\"gratisparkeren\">Gratis Parkm\u00f6glichkeit<\/li>\n<li class=\"gratisfietsen\">Inklusive 2 Fahrr\u00e4der<\/li>\n<li class=\"ontbijtopaanvraag\"><a href=\"https:\/\/www.luxe-vakantiehuis-friesland.nl\/de\/weitere-informationen\/weitere-information\/#Fruhstuck\"><u>Fr\u00fchst\u00fcck<\/u><\/a> auf Anfrage<\/li>\n<li class=\"bbqopaanvraag\">Grillen auf Anfrage<\/li>\n<li class=\"whirlpool\"><a href=\"https:\/\/www.luxe-vakantiehuis-friesland.nl\/de\/weitere-informationen\/weitere-information\/#Fruhstuck\"><u>Hottub<\/u><\/a> auf Anfrage<\/li>\n<li class=\"terras\">Terrasse<\/li>\n<li class=\"meerinformatie\"><a href=\"https:\/\/www.luxe-vakantiehuis-friesland.nl\/de\/weitere-informationen\/\"><u>Weitere Informationen<\/u><\/a><\/li>\n<\/ul>\n<\/div><\/div>\n<\/div><\/div>\n\n\n\n<div style=\"text-align:center\" class=\"wp-block-genesis-blocks-gb-button hoofdletters gb-block-button\"><a href=\"#buchen\" class=\"gb-button gb-button-shape-rounded gb-button-size-small\" style=\"color:#ffffff;background-color:#487700\">Preis &amp; verf\u00fcgbarkeit<\/a><\/div>\n\n\n\n<p><\/p>\n\n\n\n<h2 class=\"wp-block-heading\" id=\"h-weitere-informationen-uber-ferienhaus-mit-sauna-holland\">Weitere Informationen \u00fcber Ferienhaus mit Sauna Holland.<\/h2>\n\n\n\n<div class=\"wp-block-genesis-blocks-gb-columns gb-layout-columns-2 gb-2-col-wideleft\"><div class=\"gb-layout-column-wrap gb-block-layout-column-gap-2 gb-is-responsive-column\">\n<div class=\"wp-block-genesis-blocks-gb-column gb-block-layout-column\"><div class=\"gb-block-layout-column-inner\">\n<p>Erdgeschoss:<\/p>\n\n\n\n<ul class=\"wp-block-list\">\n<li>100 Quadratmeter<\/li>\n\n\n\n<li>Geschmackvoll eingerichtetes Wohn-\/Esszimmer mit Farbfernseher (Sat-Anschluss) und Stereoanlage(Radio und Blu-ray-Spieler), Internetanschluss&nbsp;(WLAN \/ Wi-Fi)<\/li>\n\n\n\n<li>Voll ausgestattete K\u00fcche mit 4-Flammen-Herd, Kombimikrowelle, K\u00fchlschrank mit Gefrierfach, Geschirrsp\u00fcler und Filterkaffeemaschine<\/li>\n\n\n\n<li>Gro\u00dfz\u00fcgiges Badezimmer mit Whirlpool, Dusche und Sauna und infrarot Sauna<\/li>\n\n\n\n<li>Separate Toilette<\/li>\n\n\n\n<li>Zwei Schlafzimmer mit Doppelbett (Federkernmatratze)<\/li>\n\n\n\n<li>Fu\u00dfbodenheizung<\/li>\n\n\n\n<li>Waschmaschine und Trockner in de wasserette.<\/li>\n<\/ul>\n\n\n\n<h4 class=\"wp-block-heading\" id=\"h-erste-etage\">Erste Etage:<\/h4>\n\n\n\n<ul class=\"wp-block-list\">\n<li>Ein Schlafzimmer mit Doppelbett (Federkernmatratze)<\/li>\n\n\n\n<li>Separate Toilette<\/li>\n<\/ul>\n<\/div><\/div>\n\n\n\n<div class=\"wp-block-genesis-blocks-gb-column gb-block-layout-column\"><div class=\"gb-block-layout-column-inner\">\n<h2 class=\"wp-block-heading\" id=\"h-virtuelle-tour\">Virtuelle Tour<\/h2>\n\n\n\n<figure class=\"wp-block-image\"><a href=\"https:\/\/goo.gl\/maps\/W3xdpxFjf292\" target=\"_blank\" rel=\"noopener noreferrer\"><img loading=\"lazy\" decoding=\"async\" width=\"480\" height=\"160\" src=\"https:\/\/www.luxe-vakantiehuis-friesland.nl\/wp-content\/uploads\/virtuelle-tour-de-finne-1.jpg\" alt=\"Virtuelle Tour de Finne\" class=\"wp-image-9531\" srcset=\"https:\/\/www.luxe-vakantiehuis-friesland.nl\/wp-content\/uploads\/virtuelle-tour-de-finne-1.jpg 480w, https:\/\/www.luxe-vakantiehuis-friesland.nl\/wp-content\/uploads\/virtuelle-tour-de-finne-1-150x50.jpg 150w, https:\/\/www.luxe-vakantiehuis-friesland.nl\/wp-content\/uploads\/virtuelle-tour-de-finne-1-300x100.jpg 300w\" sizes=\"auto, (max-width: 480px) 100vw, 480px\" \/><\/a><\/figure>\n<\/div><\/div>\n<\/div><\/div>\n\n\n\n<div id=\"buchen\"><\/div>\n\n\n\n<div style=\"background-color:#f1f1f1;padding-left:5%;padding-right:5%;padding-bottom:5%;padding-top:5%\" class=\"wp-block-genesis-blocks-gb-container alignfull gb-block-container\"><div class=\"gb-container-inside\"><div class=\"gb-container-content\" style=\"max-width:1040px\">\n<h2 class=\"wp-block-heading\" id=\"h-berechne-ihren-preis-und-buche-ferienhaus-de-finne\">Berechne Ihren Preis und buche Ferienhaus De Finne<\/h2>\n\n\n\n<p>Der Preis Ihres Urlaubs ist <strong>abh\u00e4ngig von der Personenzahl<\/strong> pro Nacht und des Zeitraums im Jahr. Untenstehend finden Sie einen Richtpreis der meist gebuchten Zeitr\u00e4ume.<\/p>\n\n\n\n<div data-tommy-widget=\"reservation\"\ndata-token=\"6308-7d1587695168e4a621be51129ac9d4b68116c04372cb5f0bbc555328b4ff2d1f14280009839fa7084a7739a798be71c0e520e8c253d9000ef7dda04f49774c74\"\ndata-language=\"en\"\ndata-accommodation-id=\"147536\"\ndata-host=\"https:\/\/public.tommbookingsupport.nl\"\ndata-show-item-groups=\"0\"\ndata-location-preference=\"0\"\ndata-map-marker-size=\"20\"\ndata-privacy-url=\"https:\/\/www.luxe-vakantiehuis-friesland.nl\/wp-content\/uploads\/Privacy-verklaring-van-LVF-2023.pdf\"\ndata-terms-and-conditions-url=\"https:\/\/www.luxe-vakantiehuis-friesland.nl\/wp-content\/uploads\/250807-Alg.-voowaarden-Vakantiehuizen-compressed.pdf\"\ndata-arrangements=\"1\"\ndata-price-triggers=\"1\"\n><\/div>\n<script type=\"text\/javascript\" src=\"https:\/\/public.tommbookingsupport.nl\/reservation.js\"><\/script>\n<\/div><\/div><\/div>\n\n\n\n<p class=\"has-text-align-center\"><br>Teilen, um mit Familie oder Freunden zu diskutieren:<\/p>\n\n\n<div class=\"wp-block-scriptless-social-sharing-buttons\"><div class=\"scriptlesssocialsharing\"><div class=\"scriptlesssocialsharing__buttons no-icons\"><a class=\"button whatsapp\" target=\"_blank\" href=\"https:\/\/api.whatsapp.com\/send?text=Ferienhaus%20De%20Finne%20%E2%80%94%20https%3A%2F%2Fwww.luxe-vakantiehuis-friesland.nl%2Fde%2Fferienhaus-mit-sauna-holland%2F\" rel=\"noopener noreferrer nofollow\" ><span class=\"sss-name\"><span class=\"screen-reader-text\">Share on <\/span>WhatsApp<\/span><\/a><a class=\"button sms\" target=\"_blank\" href=\"sms:?&amp;body=Ferienhaus%20De%20Finne%20https%3A%2F%2Fwww.luxe-vakantiehuis-friesland.nl%2Fde%2Fferienhaus-mit-sauna-holland%2F\" rel=\"noopener noreferrer nofollow\" ><span class=\"sss-name\"><span class=\"screen-reader-text\">Share on <\/span>SMS<\/span><\/a><a class=\"button email\" href=\"mailto:?body=%20https%3A%2F%2Fwww.luxe-vakantiehuis-friesland.nl%2Fde%2Fferienhaus-mit-sauna-holland%2F&#038;subject=Luxe%20vakantiehuis%20Friesland%20Ferienhaus%20De%20Finne\" rel=\"noopener noreferrer nofollow\" ><span class=\"sss-name\"><span class=\"screen-reader-text\">Share on <\/span>Email<\/span><\/a><a class=\"button facebook\" target=\"_blank\" href=\"https:\/\/www.facebook.com\/sharer\/sharer.php?u=https%3A%2F%2Fwww.luxe-vakantiehuis-friesland.nl%2Fde%2Fferienhaus-mit-sauna-holland%2F\" rel=\"noopener noreferrer nofollow\" ><span class=\"sss-name\"><span class=\"screen-reader-text\">Share on <\/span>Facebook<\/span><\/a><\/div><\/div><\/div>\n\n\n<p class=\"has-text-align-center\">Ist das Haus <strong>besetzt<\/strong>? Sehen Sie sich das\u00a0Verf\u00fcgbarkeits\u00fcbersicht<a href=\"https:\/\/webwinkeleenvoud.nl\/de\/verfugbarkeit\/\">\u00a0<\/a>die anderen H\u00e4user an.<\/p>\n\n\n\n<div style=\"text-align:center\" class=\"wp-block-genesis-blocks-gb-button hoofdletters gb-block-button\"><a href=\"https:\/\/www.luxe-vakantiehuis-friesland.nl\/de\/suchen-und-buchen\/\" class=\"gb-button gb-button-shape-rounded gb-button-size-small\" style=\"color:#ffffff;background-color:#ae181a\">Unsere H\u00e4user<\/a><\/div>\n\n\n\n<p><\/p>\n\n\n\n<div class=\"wp-block-group has-lightgreen-background-color has-background zoover-review-nl\"><div class=\"wp-block-group__inner-container is-layout-flow wp-block-group-is-layout-flow\">\n<h3 class=\"wp-block-heading\"><em><strong>Zoover 9.<\/strong><\/em>5<\/h3>\n\n\n\n<p>***** Raum und Ruhe in und um das Haus. Und viele lustige Aktivit\u00e4ten in der Umgebung.<\/p>\n\n\n\n<p><em>****&nbsp; &nbsp;Ein sch\u00f6nes Luxushaus mit einem luxuri\u00f6sen Badezimmer mit Sauna, Infrarot- und Schaumbad.&nbsp;<\/em><\/p>\n\n\n\n<p><em>***** Cottage war sehr ger\u00e4umig und gut gepflegt. Und wegen der fantastischen Lage macht es eine einzigartige Erfahrung.&nbsp;<\/em><\/p>\n<\/div><\/div>\n\n\n\n<div style=\"text-align:center\" class=\"wp-block-genesis-blocks-gb-button hoofdletters gb-block-button\"><a href=\"#buchen\" class=\"gb-button gb-button-shape-rounded gb-button-size-small\" style=\"color:#ffffff;background-color:#487700\">Preis &amp; verf\u00fcgbarkeit<\/a><\/div>\n","protected":false},"excerpt":{"rendered":"<p>Weitere Informationen \u00fcber Ferienhaus mit Sauna Holland.<\/p>\n","protected":false},"author":3,"featured_media":0,"parent":0,"menu_order":0,"comment_status":"closed","ping_status":"closed","template":"","meta":{"footnotes":""},"class_list":["post-8078","page","type-page","status-publish"],"featured_image_src":null,"featured_image_src_square":null,"guten_post_layout_featured_media_urls":{"full":false,"thumbnail":false,"medium":false,"medium_large":false,"large":false,"1536x1536":false,"2048x2048":false,"gb-block-post-grid-landscape":false,"gb-block-post-grid-square":false,"guten_post_layout_landscape_large":false,"guten_post_layout_portrait_large":false,"guten_post_layout_square_large":false,"guten_post_layout_landscape":false,"guten_post_layout_portrait":false,"guten_post_layout_square":false},"_links":{"self":[{"href":"https:\/\/www.luxe-vakantiehuis-friesland.nl\/de\/wp-json\/wp\/v2\/pages\/8078","targetHints":{"allow":["GET"]}}],"collection":[{"href":"https:\/\/www.luxe-vakantiehuis-friesland.nl\/de\/wp-json\/wp\/v2\/pages"}],"about":[{"href":"https:\/\/www.luxe-vakantiehuis-friesland.nl\/de\/wp-json\/wp\/v2\/types\/page"}],"author":[{"embeddable":true,"href":"https:\/\/www.luxe-vakantiehuis-friesland.nl\/de\/wp-json\/wp\/v2\/users\/3"}],"replies":[{"embeddable":true,"href":"https:\/\/www.luxe-vakantiehuis-friesland.nl\/de\/wp-json\/wp\/v2\/comments?post=8078"}],"version-history":[{"count":35,"href":"https:\/\/www.luxe-vakantiehuis-friesland.nl\/de\/wp-json\/wp\/v2\/pages\/8078\/revisions"}],"predecessor-version":[{"id":19325,"href":"https:\/\/www.luxe-vakantiehuis-friesland.nl\/de\/wp-json\/wp\/v2\/pages\/8078\/revisions\/19325"}],"wp:attachment":[{"href":"https:\/\/www.luxe-vakantiehuis-friesland.nl\/de\/wp-json\/wp\/v2\/media?parent=8078"}],"curies":[{"name":"wp","href":"https:\/\/api.w.org\/{rel}","templated":true}]}}